{"id":327,"date":"2026-01-20T05:15:25","date_gmt":"2026-01-20T05:15:25","guid":{"rendered":"https:\/\/rentaspvgirl.com\/?page_id=327"},"modified":"2026-01-20T06:00:35","modified_gmt":"2026-01-20T06:00:35","slug":"casa-vizcarra","status":"publish","type":"page","link":"https:\/\/rentaspvgirl.com\/en\/casa-vizcarra\/","title":{"rendered":"Casa Vizcarra"},"content":{"rendered":"<div data-elementor-type=\"wp-post\" data-elementor-id=\"327\" class=\"elementor elementor-327\" data-elementor-post-type=\"page\">\n\t\t\t\t<div class=\"elementor-element elementor-element-ecbb203 e-con-full e-flex e-con e-parent\" data-id=\"ecbb203\" data-element_type=\"container\" data-e-type=\"container\">\n\t\t\t\t<div class=\"elementor-element elementor-element-bc5cc69 elementor--h-position-center elementor--v-position-middle elementor-arrows-position-inside elementor-pagination-position-inside elementor-widget elementor-widget-slides\" data-id=\"bc5cc69\" data-element_type=\"widget\" data-e-type=\"widget\" data-settings=\"{&quot;navigation&quot;:&quot;both&quot;,&quot;autoplay&quot;:&quot;yes&quot;,&quot;pause_on_hover&quot;:&quot;yes&quot;,&quot;pause_on_interaction&quot;:&quot;yes&quot;,&quot;autoplay_speed&quot;:5000,&quot;infinite&quot;:&quot;yes&quot;,&quot;transition&quot;:&quot;slide&quot;,&quot;transition_speed&quot;:500}\" data-widget_type=\"slides.default\">\n\t\t\t\t\t\t\t\t\t\t<div class=\"elementor-slides-wrapper elementor-main-swiper swiper\" role=\"region\" aria-roledescription=\"carousel\" aria-label=\"Slides\" dir=\"ltr\" data-animation=\"fadeInUp\">\r\n\t\t\t\t<div class=\"swiper-wrapper elementor-slides\">\r\n\t\t\t\t\t\t\t\t\t\t<div class=\"elementor-repeater-item-fc5fac9 swiper-slide\" role=\"group\" aria-roledescription=\"slide\"><div class=\"swiper-slide-bg\" role=\"img\" aria-label=\"CV2-Kitchen4FS_result\"><\/div><div class=\"swiper-slide-inner\" ><div class=\"swiper-slide-contents\"><\/div><\/div><\/div><div class=\"elementor-repeater-item-978e6a0 swiper-slide\" role=\"group\" aria-roledescription=\"slide\"><div class=\"swiper-slide-bg\" role=\"img\" aria-label=\"CV2-2_result\"><\/div><div class=\"swiper-slide-inner\" ><div class=\"swiper-slide-contents\"><\/div><\/div><\/div><div class=\"elementor-repeater-item-e2049b0 swiper-slide\" role=\"group\" aria-roledescription=\"slide\"><div class=\"swiper-slide-bg\" role=\"img\" aria-label=\"Casa-Vizcarra-2-30-scaled_result\"><\/div><div class=\"swiper-slide-inner\" ><div class=\"swiper-slide-contents\"><\/div><\/div><\/div>\t\t\t\t<\/div>\r\n\t\t\t\t\t\t\t\t\t\t\t\t\t\t\t<div class=\"elementor-swiper-button elementor-swiper-button-prev\" role=\"button\" tabindex=\"0\" aria-label=\"Previous slide\">\r\n\t\t\t\t\t\t\t<svg aria-hidden=\"true\" class=\"e-font-icon-svg e-eicon-chevron-left\" viewbox=\"0 0 1000 1000\" xmlns=\"http:\/\/www.w3.org\/2000\/svg\"><path d=\"M646 125C629 125 613 133 604 142L308 442C296 454 292 471 292 487 292 504 296 521 308 533L604 854C617 867 629 875 646 875 663 875 679 871 692 858 704 846 713 829 713 812 713 796 708 779 692 767L438 487 692 225C700 217 708 204 708 187 708 171 704 154 692 142 675 129 663 125 646 125Z\"><\/path><\/svg>\t\t\t\t\t\t<\/div>\r\n\t\t\t\t\t\t<div class=\"elementor-swiper-button elementor-swiper-button-next\" role=\"button\" tabindex=\"0\" aria-label=\"Next slide\">\r\n\t\t\t\t\t\t\t<svg aria-hidden=\"true\" class=\"e-font-icon-svg e-eicon-chevron-right\" viewbox=\"0 0 1000 1000\" xmlns=\"http:\/\/www.w3.org\/2000\/svg\"><path d=\"M696 533C708 521 713 504 713 487 713 471 708 454 696 446L400 146C388 133 375 125 354 125 338 125 325 129 313 142 300 154 292 171 292 187 292 204 296 221 308 233L563 492 304 771C292 783 288 800 288 817 288 833 296 850 308 863 321 871 338 875 354 875 371 875 388 867 400 854L696 533Z\"><\/path><\/svg>\t\t\t\t\t\t<\/div>\r\n\t\t\t\t\t\t\t\t\t\t\t\t\t\t\t\t<div class=\"swiper-pagination\"><\/div>\r\n\t\t\t\t\t\t\t\t\t\t\t\t<\/div>\r\n\t\t\t\t\t\t\t\t<\/div>\n\t\t\t\t<\/div>\n\t\t<div class=\"elementor-element elementor-element-5c64172 e-flex e-con-boxed e-con e-parent\" data-id=\"5c64172\" data-element_type=\"container\" data-e-type=\"container\">\n\t\t\t\t\t<div class=\"e-con-inner\">\n\t\t\t\t<div class=\"elementor-element elementor-element-4afbf482 elementor-widget elementor-widget-heading\" data-id=\"4afbf482\" data-element_type=\"widget\" data-e-type=\"widget\" data-widget_type=\"heading.default\">\n\t\t\t\t\t<h1 class=\"elementor-heading-title elementor-size-default\">Casa Vizcarra 2 Estudio\n(Estudio 1 Ba\u00f1o)\n<\/h1>\t\t\t\t<\/div>\n\t\t\t\t\t<\/div>\n\t\t\t\t<\/div>\n\t\t<div class=\"elementor-element elementor-element-852153a e-flex e-con-boxed e-con e-parent\" data-id=\"852153a\" data-element_type=\"container\" data-e-type=\"container\">\n\t\t\t\t\t<div class=\"e-con-inner\">\n\t\t\t\t<div class=\"elementor-element elementor-element-6b1e7131 elementor-widget elementor-widget-text-editor\" data-id=\"6b1e7131\" data-element_type=\"widget\" data-e-type=\"widget\" data-widget_type=\"text-editor.default\">\n\t\t\t\t\t\t\t\t\t<h5><span dir=\"auto\">\u2605 WiFi de alta velocidad con puerto Ethernet<\/span><\/h5><h5><span dir=\"auto\">\u2605El televisor tiene acceso a m\u00e1s de 10,000 pel\u00edculas, 1200 series y TV en vivo de EE. UU., Canad\u00e1 y M\u00e9xico. Canales deportivos, incluido PPV.<\/span><\/h5><h5><span dir=\"auto\">\u2605Casa Vizcarra 2 Studio, tiene todo para vivir simple y pr\u00e1ctico en el coraz\u00f3n del Casco Antiguo.<\/span><\/h5><h5><span dir=\"auto\">Casa Vizcarra 2 se encuentra a 5 cuadras de la playa, en un barrio mexicano muy tradicional con calles adoquinadas, tiendas de conveniencia tradicionales en cada esquina y ni\u00f1os jugando al f\u00fatbol. Servicio de lavander\u00eda a la vuelta de la esquina.<\/span><\/h5><h5><span dir=\"auto\">\u2605Ubicado en el segundo piso, 10 escalones para acceder al apartamento, un escal\u00f3n al ba\u00f1o y la cocina.<\/span><\/h5><h5><span dir=\"auto\">\u2605 Cama Queen-Size, excelente presi\u00f3n de agua, Internet de alta velocidad, aire acondicionado, TV por cable, utensilios y electrodom\u00e9sticos de cocina esenciales.<\/span><\/h5>\t\t\t\t\t\t\t\t<\/div>\n\t\t\t\t\t<\/div>\n\t\t\t\t<\/div>\n\t\t<div class=\"elementor-element elementor-element-707e1841 e-flex e-con-boxed e-con e-parent\" data-id=\"707e1841\" data-element_type=\"container\" data-e-type=\"container\" id=\"reserva\">\n\t\t\t\t\t<div class=\"e-con-inner\">\n\t\t\t\t<div class=\"elementor-element elementor-element-74fbb98b elementor-widget elementor-widget-heading\" data-id=\"74fbb98b\" data-element_type=\"widget\" data-e-type=\"widget\" data-widget_type=\"heading.default\">\n\t\t\t\t\t<h3 class=\"elementor-heading-title elementor-size-default\">Booking Now<\/h3>\t\t\t\t<\/div>\n\t\t\t\t<div class=\"elementor-element elementor-element-2e69477 elementor-widget elementor-widget-html\" data-id=\"2e69477\" data-element_type=\"widget\" data-e-type=\"widget\" data-widget_type=\"html.default\">\n\t\t\t\t\t<iframe src=\"https:\/\/v2.reservationkey.com\/ThePVGirl\/AdrianasCasasForRent\/c\" name=\"publicpage\" width=\"100%\" height=\"1100\" bgcolor=\"white\" frameborder=\"0\"><\/iframe>\t\t\t\t<\/div>\n\t\t\t\t\t<\/div>\n\t\t\t\t<\/div>\n\t\t<div class=\"elementor-element elementor-element-f0a804f e-flex e-con-boxed e-con e-parent\" data-id=\"f0a804f\" data-element_type=\"container\" data-e-type=\"container\">\n\t\t\t\t\t<div class=\"e-con-inner\">\n\t\t\t\t<div class=\"elementor-element elementor-element-f0d83d2 elementor-widget elementor-widget-gallery\" data-id=\"f0d83d2\" data-element_type=\"widget\" data-e-type=\"widget\" data-settings=\"{&quot;lazyload&quot;:&quot;yes&quot;,&quot;gallery_layout&quot;:&quot;grid&quot;,&quot;columns&quot;:4,&quot;columns_tablet&quot;:2,&quot;columns_mobile&quot;:1,&quot;gap&quot;:{&quot;unit&quot;:&quot;px&quot;,&quot;size&quot;:10,&quot;sizes&quot;:[]},&quot;gap_tablet&quot;:{&quot;unit&quot;:&quot;px&quot;,&quot;size&quot;:10,&quot;sizes&quot;:[]},&quot;gap_mobile&quot;:{&quot;unit&quot;:&quot;px&quot;,&quot;size&quot;:10,&quot;sizes&quot;:[]},&quot;link_to&quot;:&quot;file&quot;,&quot;aspect_ratio&quot;:&quot;3:2&quot;,&quot;overlay_background&quot;:&quot;yes&quot;,&quot;content_hover_animation&quot;:&quot;fade-in&quot;}\" data-widget_type=\"gallery.default\">\n\t\t\t\t\t\t\t<div class=\"elementor-gallery__container\">\r\n\t\t\t\t\t\t\t<a class=\"e-gallery-item elementor-gallery-item elementor-animated-content\" href=\"https:\/\/rentaspvgirl.com\/wp-content\/uploads\/2026\/01\/Casa-Vizcarra-2-29-scaled_result.jpg\" data-elementor-open-lightbox=\"yes\" data-elementor-lightbox-slideshow=\"f0d83d2\" data-elementor-lightbox-title=\"Casa-Vizcarra-2-29-scaled_result\" data-e-action-hash=\"#elementor-action%3Aaction%3Dlightbox%26settings%3DeyJpZCI6MzI5LCJ1cmwiOiJodHRwczpcL1wvcmVudGFzcHZnaXJsLmNvbVwvd3AtY29udGVudFwvdXBsb2Fkc1wvMjAyNlwvMDFcL0Nhc2EtVml6Y2FycmEtMi0yOS1zY2FsZWRfcmVzdWx0LmpwZyIsInNsaWRlc2hvdyI6ImYwZDgzZDIifQ%3D%3D\">\r\n\t\t\t\t\t<div class=\"e-gallery-image elementor-gallery-item__image\" data-thumbnail=\"https:\/\/rentaspvgirl.com\/wp-content\/uploads\/2026\/01\/Casa-Vizcarra-2-29-scaled_result-300x200.jpg\" data-width=\"300\" data-height=\"200\" aria-label=\"\" role=\"img\" ><\/div>\r\n\t\t\t\t\t\t\t\t\t\t\t<div class=\"elementor-gallery-item__overlay\"><\/div>\r\n\t\t\t\t\t\t\t\t\t\t\t\t\t\t<\/a>\r\n\t\t\t\t\t\t\t<a class=\"e-gallery-item elementor-gallery-item elementor-animated-content\" href=\"https:\/\/rentaspvgirl.com\/wp-content\/uploads\/2026\/01\/Casa-Vizcarra-2-30-scaled_result.jpg\" data-elementor-open-lightbox=\"yes\" data-elementor-lightbox-slideshow=\"f0d83d2\" data-elementor-lightbox-title=\"Casa-Vizcarra-2-30-scaled_result\" data-e-action-hash=\"#elementor-action%3Aaction%3Dlightbox%26settings%3DeyJpZCI6MzMwLCJ1cmwiOiJodHRwczpcL1wvcmVudGFzcHZnaXJsLmNvbVwvd3AtY29udGVudFwvdXBsb2Fkc1wvMjAyNlwvMDFcL0Nhc2EtVml6Y2FycmEtMi0zMC1zY2FsZWRfcmVzdWx0LmpwZyIsInNsaWRlc2hvdyI6ImYwZDgzZDIifQ%3D%3D\">\r\n\t\t\t\t\t<div class=\"e-gallery-image elementor-gallery-item__image\" data-thumbnail=\"https:\/\/rentaspvgirl.com\/wp-content\/uploads\/2026\/01\/Casa-Vizcarra-2-30-scaled_result-300x200.jpg\" data-width=\"300\" data-height=\"200\" aria-label=\"\" role=\"img\" ><\/div>\r\n\t\t\t\t\t\t\t\t\t\t\t<div class=\"elementor-gallery-item__overlay\"><\/div>\r\n\t\t\t\t\t\t\t\t\t\t\t\t\t\t<\/a>\r\n\t\t\t\t\t\t\t<a class=\"e-gallery-item elementor-gallery-item elementor-animated-content\" href=\"https:\/\/rentaspvgirl.com\/wp-content\/uploads\/2026\/01\/CV2-2_result.jpg\" data-elementor-open-lightbox=\"yes\" data-elementor-lightbox-slideshow=\"f0d83d2\" data-elementor-lightbox-title=\"CV2-2_result\" data-e-action-hash=\"#elementor-action%3Aaction%3Dlightbox%26settings%3DeyJpZCI6MzMxLCJ1cmwiOiJodHRwczpcL1wvcmVudGFzcHZnaXJsLmNvbVwvd3AtY29udGVudFwvdXBsb2Fkc1wvMjAyNlwvMDFcL0NWMi0yX3Jlc3VsdC5qcGciLCJzbGlkZXNob3ciOiJmMGQ4M2QyIn0%3D\">\r\n\t\t\t\t\t<div class=\"e-gallery-image elementor-gallery-item__image\" data-thumbnail=\"https:\/\/rentaspvgirl.com\/wp-content\/uploads\/2026\/01\/CV2-2_result-300x161.jpg\" data-width=\"300\" data-height=\"161\" aria-label=\"\" role=\"img\" ><\/div>\r\n\t\t\t\t\t\t\t\t\t\t\t<div class=\"elementor-gallery-item__overlay\"><\/div>\r\n\t\t\t\t\t\t\t\t\t\t\t\t\t\t<\/a>\r\n\t\t\t\t\t\t\t<a class=\"e-gallery-item elementor-gallery-item elementor-animated-content\" href=\"https:\/\/rentaspvgirl.com\/wp-content\/uploads\/2026\/01\/CV2-Kitchen1FS_result.jpg\" data-elementor-open-lightbox=\"yes\" data-elementor-lightbox-slideshow=\"f0d83d2\" data-elementor-lightbox-title=\"CV2-Kitchen1FS_result\" data-e-action-hash=\"#elementor-action%3Aaction%3Dlightbox%26settings%3DeyJpZCI6MzMyLCJ1cmwiOiJodHRwczpcL1wvcmVudGFzcHZnaXJsLmNvbVwvd3AtY29udGVudFwvdXBsb2Fkc1wvMjAyNlwvMDFcL0NWMi1LaXRjaGVuMUZTX3Jlc3VsdC5qcGciLCJzbGlkZXNob3ciOiJmMGQ4M2QyIn0%3D\">\r\n\t\t\t\t\t<div class=\"e-gallery-image elementor-gallery-item__image\" data-thumbnail=\"https:\/\/rentaspvgirl.com\/wp-content\/uploads\/2026\/01\/CV2-Kitchen1FS_result-300x161.jpg\" data-width=\"300\" data-height=\"161\" aria-label=\"\" role=\"img\" ><\/div>\r\n\t\t\t\t\t\t\t\t\t\t\t<div class=\"elementor-gallery-item__overlay\"><\/div>\r\n\t\t\t\t\t\t\t\t\t\t\t\t\t\t<\/a>\r\n\t\t\t\t\t\t\t<a class=\"e-gallery-item elementor-gallery-item elementor-animated-content\" href=\"https:\/\/rentaspvgirl.com\/wp-content\/uploads\/2026\/01\/CV2-Kitchen2FS_result.jpg\" data-elementor-open-lightbox=\"yes\" data-elementor-lightbox-slideshow=\"f0d83d2\" data-elementor-lightbox-title=\"CV2-Kitchen2FS_result\" data-e-action-hash=\"#elementor-action%3Aaction%3Dlightbox%26settings%3DeyJpZCI6MzMzLCJ1cmwiOiJodHRwczpcL1wvcmVudGFzcHZnaXJsLmNvbVwvd3AtY29udGVudFwvdXBsb2Fkc1wvMjAyNlwvMDFcL0NWMi1LaXRjaGVuMkZTX3Jlc3VsdC5qcGciLCJzbGlkZXNob3ciOiJmMGQ4M2QyIn0%3D\">\r\n\t\t\t\t\t<div class=\"e-gallery-image elementor-gallery-item__image\" data-thumbnail=\"https:\/\/rentaspvgirl.com\/wp-content\/uploads\/2026\/01\/CV2-Kitchen2FS_result-300x161.jpg\" data-width=\"300\" data-height=\"161\" aria-label=\"\" role=\"img\" ><\/div>\r\n\t\t\t\t\t\t\t\t\t\t\t<div class=\"elementor-gallery-item__overlay\"><\/div>\r\n\t\t\t\t\t\t\t\t\t\t\t\t\t\t<\/a>\r\n\t\t\t\t\t\t\t<a class=\"e-gallery-item elementor-gallery-item elementor-animated-content\" href=\"https:\/\/rentaspvgirl.com\/wp-content\/uploads\/2026\/01\/CV2-Kitchen4FS_result.jpg\" data-elementor-open-lightbox=\"yes\" data-elementor-lightbox-slideshow=\"f0d83d2\" data-elementor-lightbox-title=\"CV2-Kitchen4FS_result\" data-e-action-hash=\"#elementor-action%3Aaction%3Dlightbox%26settings%3DeyJpZCI6MzM0LCJ1cmwiOiJodHRwczpcL1wvcmVudGFzcHZnaXJsLmNvbVwvd3AtY29udGVudFwvdXBsb2Fkc1wvMjAyNlwvMDFcL0NWMi1LaXRjaGVuNEZTX3Jlc3VsdC5qcGciLCJzbGlkZXNob3ciOiJmMGQ4M2QyIn0%3D\">\r\n\t\t\t\t\t<div class=\"e-gallery-image elementor-gallery-item__image\" data-thumbnail=\"https:\/\/rentaspvgirl.com\/wp-content\/uploads\/2026\/01\/CV2-Kitchen4FS_result-300x161.jpg\" data-width=\"300\" data-height=\"161\" aria-label=\"\" role=\"img\" ><\/div>\r\n\t\t\t\t\t\t\t\t\t\t\t<div class=\"elementor-gallery-item__overlay\"><\/div>\r\n\t\t\t\t\t\t\t\t\t\t\t\t\t\t<\/a>\r\n\t\t\t\t\t\t\t<a class=\"e-gallery-item elementor-gallery-item elementor-animated-content\" href=\"https:\/\/rentaspvgirl.com\/wp-content\/uploads\/2026\/01\/CV2-KitchenFS_result.jpg\" data-elementor-open-lightbox=\"yes\" data-elementor-lightbox-slideshow=\"f0d83d2\" data-elementor-lightbox-title=\"CV2-KitchenFS_result\" data-e-action-hash=\"#elementor-action%3Aaction%3Dlightbox%26settings%3DeyJpZCI6MzM1LCJ1cmwiOiJodHRwczpcL1wvcmVudGFzcHZnaXJsLmNvbVwvd3AtY29udGVudFwvdXBsb2Fkc1wvMjAyNlwvMDFcL0NWMi1LaXRjaGVuRlNfcmVzdWx0LmpwZyIsInNsaWRlc2hvdyI6ImYwZDgzZDIifQ%3D%3D\">\r\n\t\t\t\t\t<div class=\"e-gallery-image elementor-gallery-item__image\" data-thumbnail=\"https:\/\/rentaspvgirl.com\/wp-content\/uploads\/2026\/01\/CV2-KitchenFS_result-300x161.jpg\" data-width=\"300\" data-height=\"161\" aria-label=\"\" role=\"img\" ><\/div>\r\n\t\t\t\t\t\t\t\t\t\t\t<div class=\"elementor-gallery-item__overlay\"><\/div>\r\n\t\t\t\t\t\t\t\t\t\t\t\t\t\t<\/a>\r\n\t\t\t\t\t<\/div>\r\n\t\t\t\t\t<\/div>\n\t\t\t\t\t<\/div>\n\t\t\t\t<\/div>\n\t\t<div class=\"elementor-element elementor-element-136c1b6f e-con-full e-flex e-con e-parent\" data-id=\"136c1b6f\" data-element_type=\"container\" data-e-type=\"container\" data-settings=\"{&quot;background_background&quot;:&quot;classic&quot;}\">\n\t\t<div class=\"elementor-element elementor-element-3a8303ce e-con-full e-flex e-con e-child\" data-id=\"3a8303ce\" data-element_type=\"container\" data-e-type=\"container\" data-settings=\"{&quot;background_background&quot;:&quot;classic&quot;}\">\n\t\t\t\t<div class=\"elementor-element elementor-element-5fd3fdc0 elementor-widget elementor-widget-heading\" data-id=\"5fd3fdc0\" data-element_type=\"widget\" data-e-type=\"widget\" id=\"contacto\" data-widget_type=\"heading.default\">\n\t\t\t\t\t<h1 class=\"elementor-heading-title elementor-size-default\">Contact<\/h1>\t\t\t\t<\/div>\n\t\t\t\t<div class=\"elementor-element elementor-element-6cd973d6 elementor-widget elementor-widget-heading\" data-id=\"6cd973d6\" data-element_type=\"widget\" data-e-type=\"widget\" data-widget_type=\"heading.default\">\n\t\t\t\t\t<p class=\"elementor-heading-title elementor-size-default\">If you have any questions or cannot find the dates you would like to book, please contact us and we will be happy to help you.<\/p>\t\t\t\t<\/div>\n\t\t\t\t<\/div>\n\t\t<div class=\"elementor-element elementor-element-555c4f9d e-con-full e-flex e-con e-child\" data-id=\"555c4f9d\" data-element_type=\"container\" data-e-type=\"container\">\n\t\t\t\t<div class=\"elementor-element elementor-element-2ec817 elementor-button-align-start elementor-tablet-button-align-center elementor-widget elementor-widget-form\" data-id=\"2ec817\" data-element_type=\"widget\" data-e-type=\"widget\" data-settings=\"{&quot;step_next_label&quot;:&quot;Next&quot;,&quot;step_previous_label&quot;:&quot;Previous&quot;,&quot;button_width&quot;:&quot;100&quot;,&quot;step_type&quot;:&quot;number_text&quot;,&quot;step_icon_shape&quot;:&quot;circle&quot;}\" data-widget_type=\"form.default\">\n\t\t\t\t\t\t\t<form class=\"elementor-form\" method=\"post\" name=\"Contact Form\" aria-label=\"Contact Form\" action=\"\">\r\n\t\t\t<input type=\"hidden\" name=\"post_id\" value=\"327\"\/>\r\n\t\t\t<input type=\"hidden\" name=\"form_id\" value=\"2ec817\"\/>\r\n\t\t\t<input type=\"hidden\" name=\"referer_title\" value=\"Casa Vizcarra\" \/>\r\n\r\n\t\t\t\t\t\t\t<input type=\"hidden\" name=\"queried_id\" value=\"327\"\/>\r\n\t\t\t\r\n\t\t\t<div class=\"elementor-form-fields-wrapper elementor-labels-\">\r\n\t\t\t\t\t\t\t\t<div class=\"elementor-field-type-text elementor-field-group elementor-column elementor-field-group-name elementor-col-50 elementor-field-required\">\r\n\t\t\t\t\t\t\t\t\t\t\t\t<label for=\"form-field-name\" class=\"elementor-field-label elementor-screen-only\">\r\n\t\t\t\t\t\t\t\tYour Name\t\t\t\t\t\t\t<\/label>\r\n\t\t\t\t\t\t\t\t\t\t\t\t\t\t<input size=\"1\" type=\"text\" name=\"form_fields[name]\" id=\"form-field-name\" class=\"elementor-field elementor-size-sm  elementor-field-textual\" placeholder=\"Your Name*\" required=\"required\">\r\n\t\t\t\t\t\t\t\t\t\t\t<\/div>\r\n\t\t\t\t\t\t\t\t<div class=\"elementor-field-type-text elementor-field-group elementor-column elementor-field-group-field_b743cd7 elementor-col-50 elementor-field-required\">\r\n\t\t\t\t\t\t\t\t\t\t\t\t<label for=\"form-field-field_b743cd7\" class=\"elementor-field-label elementor-screen-only\">\r\n\t\t\t\t\t\t\t\tLast Name\t\t\t\t\t\t\t<\/label>\r\n\t\t\t\t\t\t\t\t\t\t\t\t\t\t<input size=\"1\" type=\"text\" name=\"form_fields[field_b743cd7]\" id=\"form-field-field_b743cd7\" class=\"elementor-field elementor-size-sm  elementor-field-textual\" placeholder=\"Last Name*\" required=\"required\">\r\n\t\t\t\t\t\t\t\t\t\t\t<\/div>\r\n\t\t\t\t\t\t\t\t<div class=\"elementor-field-type-tel elementor-field-group elementor-column elementor-field-group-field_6c180a9 elementor-col-50 elementor-field-required\">\r\n\t\t\t\t\t\t\t\t\t\t\t\t<label for=\"form-field-field_6c180a9\" class=\"elementor-field-label elementor-screen-only\">\r\n\t\t\t\t\t\t\t\tPhone Number\t\t\t\t\t\t\t<\/label>\r\n\t\t\t\t\t\t\t\t<input size=\"1\" type=\"tel\" name=\"form_fields[field_6c180a9]\" id=\"form-field-field_6c180a9\" class=\"elementor-field elementor-size-sm  elementor-field-textual\" placeholder=\"Phone Number*\" required=\"required\" pattern=\"[0-9()#&amp;+*-=.]+\" title=\"Only numbers and phone characters (#, -, *, etc) are accepted.\">\r\n\r\n\t\t\t\t\t\t<\/div>\r\n\t\t\t\t\t\t\t\t<div class=\"elementor-field-type-email elementor-field-group elementor-column elementor-field-group-email elementor-col-50 elementor-field-required\">\r\n\t\t\t\t\t\t\t\t\t\t\t\t<label for=\"form-field-email\" class=\"elementor-field-label elementor-screen-only\">\r\n\t\t\t\t\t\t\t\tEmail\t\t\t\t\t\t\t<\/label>\r\n\t\t\t\t\t\t\t\t\t\t\t\t\t\t<input size=\"1\" type=\"email\" name=\"form_fields[email]\" id=\"form-field-email\" class=\"elementor-field elementor-size-sm  elementor-field-textual\" placeholder=\"Email*\" required=\"required\">\r\n\t\t\t\t\t\t\t\t\t\t\t<\/div>\r\n\t\t\t\t\t\t\t\t<div class=\"elementor-field-type-textarea elementor-field-group elementor-column elementor-field-group-message elementor-col-100\">\r\n\t\t\t\t\t\t\t\t\t\t\t\t<label for=\"form-field-message\" class=\"elementor-field-label elementor-screen-only\">\r\n\t\t\t\t\t\t\t\tMessage\t\t\t\t\t\t\t<\/label>\r\n\t\t\t\t\t\t<textarea class=\"elementor-field-textual elementor-field  elementor-size-sm\" name=\"form_fields[message]\" id=\"form-field-message\" rows=\"4\" placeholder=\"Message\"><\/textarea>\t\t\t\t<\/div>\r\n\t\t\t\t\t\t\t\t<div class=\"elementor-field-group elementor-column elementor-field-type-submit elementor-col-100 e-form__buttons\">\r\n\t\t\t\t\t<button class=\"elementor-button elementor-size-sm\" type=\"submit\">\r\n\t\t\t\t\t\t<span class=\"elementor-button-content-wrapper\">\r\n\t\t\t\t\t\t\t\t\t\t\t\t\t\t\t\t\t\t\t\t\t\t<span class=\"elementor-button-text\">Submit<\/span>\r\n\t\t\t\t\t\t\t\t\t\t\t\t\t<\/span>\r\n\t\t\t\t\t<\/button>\r\n\t\t\t\t<\/div>\r\n\t\t\t<\/div>\r\n\t\t<input type=\"hidden\" name=\"trp-form-language\" value=\"en\"\/><\/form>\r\n\t\t\t\t\t\t<\/div>\n\t\t\t\t<\/div>\n\t\t\t\t<\/div>\n\t\t\t\t<\/div>","protected":false},"excerpt":{"rendered":"<p>Casa Vizcarra 2 Estudio (Estudio 1 Ba\u00f1o) \u2605 WiFi de alta velocidad con puerto Ethernet \u2605El televisor tiene acceso a m\u00e1s de 10,000 pel\u00edculas, 1200 series y TV en vivo de EE. UU., Canad\u00e1 y M\u00e9xico. Canales deportivos, incluido PPV. \u2605Casa Vizcarra 2 Studio, tiene todo para vivir simple y pr\u00e1ctico en el coraz\u00f3n del [&hellip;]<\/p>","protected":false},"author":1,"featured_media":0,"parent":0,"menu_order":0,"comment_status":"closed","ping_status":"closed","template":"elementor_header_footer","meta":{"footnotes":""},"class_list":["post-327","page","type-page","status-publish","hentry"],"_links":{"self":[{"href":"https:\/\/rentaspvgirl.com\/en\/wp-json\/wp\/v2\/pages\/327","targetHints":{"allow":["GET"]}}],"collection":[{"href":"https:\/\/rentaspvgirl.com\/en\/wp-json\/wp\/v2\/pages"}],"about":[{"href":"https:\/\/rentaspvgirl.com\/en\/wp-json\/wp\/v2\/types\/page"}],"author":[{"embeddable":true,"href":"https:\/\/rentaspvgirl.com\/en\/wp-json\/wp\/v2\/users\/1"}],"replies":[{"embeddable":true,"href":"https:\/\/rentaspvgirl.com\/en\/wp-json\/wp\/v2\/comments?post=327"}],"version-history":[{"count":7,"href":"https:\/\/rentaspvgirl.com\/en\/wp-json\/wp\/v2\/pages\/327\/revisions"}],"predecessor-version":[{"id":466,"href":"https:\/\/rentaspvgirl.com\/en\/wp-json\/wp\/v2\/pages\/327\/revisions\/466"}],"wp:attachment":[{"href":"https:\/\/rentaspvgirl.com\/en\/wp-json\/wp\/v2\/media?parent=327"}],"curies":[{"name":"wp","href":"https:\/\/api.w.org\/{rel}","templated":true}]}}